{"id":6023,"date":"2017-11-29T13:17:44","date_gmt":"2017-11-29T12:17:44","guid":{"rendered":"https:\/\/www.asnia.es\/?page_id=6023"},"modified":"2017-11-29T13:17:44","modified_gmt":"2017-11-29T12:17:44","slug":"evdokimova-alisa-viktorovna","status":"publish","type":"page","link":"https:\/\/www.asnia.es\/?page_id=6023","title":{"rendered":"EVDOKIMOVA ALISA VIKTOROVNA"},"content":{"rendered":"<p style=\"text-align: justify;\">FECHA NACIMIENTO:&nbsp;16.08.10<\/p>\n<p style=\"text-align: justify;\">MADRE:&nbsp;&nbsp;Evdokimova Olga Anatolyevna<\/p>\n<p style=\"text-align: justify;\">MADRE SOLTERA<\/p>\n<p style=\"text-align: justify;\">PATOLOG\u00cdA DIAGNOSTICADA: Hiper-tensi\u00f3n (amplio historia medico- revisiones anuales)<\/p>\n<p style=\"text-align: justify;\">PROVINCIA: NAROVLYA<\/p>\n<p style=\"text-align: justify;\">REGI\u00d3N: GOMEL<\/p>\n","protected":false},"excerpt":{"rendered":"<p>FECHA NACIMIENTO:&nbsp;16.08.10 MADRE:&nbsp;&nbsp;Evdokimova Olga Anatolyevna MADRE SOLTERA PATOLOG\u00cdA DIAGNOSTICADA: Hiper-tensi\u00f3n (amplio historia medico- revisiones anuales) PROVINCIA: NAROVLYA REGI\u00d3N: GOMEL<\/p>\n","protected":false},"author":1,"featured_media":0,"parent":0,"menu_order":0,"comment_status":"closed","ping_status":"closed","template":"","meta":{"ngg_post_thumbnail":0,"footnotes":""},"class_list":["post-6023","page","type-page","status-publish","hentry","nodate","item-wrap"],"_links":{"self":[{"href":"https:\/\/www.asnia.es\/index.php?rest_route=\/wp\/v2\/pages\/6023","targetHints":{"allow":["GET"]}}],"collection":[{"href":"https:\/\/www.asnia.es\/index.php?rest_route=\/wp\/v2\/pages"}],"about":[{"href":"https:\/\/www.asnia.es\/index.php?rest_route=\/wp\/v2\/types\/page"}],"author":[{"embeddable":true,"href":"https:\/\/www.asnia.es\/index.php?rest_route=\/wp\/v2\/users\/1"}],"replies":[{"embeddable":true,"href":"https:\/\/www.asnia.es\/index.php?rest_route=%2Fwp%2Fv2%2Fcomments&post=6023"}],"version-history":[{"count":1,"href":"https:\/\/www.asnia.es\/index.php?rest_route=\/wp\/v2\/pages\/6023\/revisions"}],"predecessor-version":[{"id":6024,"href":"https:\/\/www.asnia.es\/index.php?rest_route=\/wp\/v2\/pages\/6023\/revisions\/6024"}],"wp:attachment":[{"href":"https:\/\/www.asnia.es\/index.php?rest_route=%2Fwp%2Fv2%2Fmedia&parent=6023"}],"curies":[{"name":"wp","href":"https:\/\/api.w.org\/{rel}","templated":true}]}}