{"id":5425,"date":"2016-12-06T15:40:53","date_gmt":"2016-12-06T14:40:53","guid":{"rendered":"http:\/\/www.asnia.es\/?page_id=5425"},"modified":"2016-12-06T15:40:53","modified_gmt":"2016-12-06T14:40:53","slug":"programas-escolarizacion-de-menores","status":"publish","type":"page","link":"https:\/\/www.asnia.es\/?page_id=5425","title":{"rendered":"Programas escolarizaci\u00f3n de menores"},"content":{"rendered":"<p style=\"text-align: justify;\">S\u00ed que es posible que el menor pueda venir a estudiar durante el curso, siempre que lo autorice la persona que tenga la tutela en Bielorrusia,las autoridades Bielorrusas y Espa\u00f1olas, Desde diciembre de 2013, y por acuerdo de la Asamblea General, la ONG gestiona tambi\u00e9n este tipo de acogimientos.<\/p>\n<p style=\"text-align: justify;\">En la actualidad Asnia.Huelva tiene a menores que participaron en los programas de acogida, estudiando &nbsp;en Huelva y Provincia. Para conocer los requisitos burocr\u00e1ticos necesarios (aproximadamente seg\u00fan la comunidad aut\u00f3noma) para este tipo de programas puedes verlo aqu\u00ed&nbsp;<a href=\"http:\/\/www.asnia.es\/wp-content\/uploads\/2016\/12\/GUIA-DOCUMENTOS-ESCORALIZACION-MENORES-EDAD.pdf\">-documentos-escolarizaci\u00f3n-menores-edad<\/a>. Este programa si la familia sigue asociada y participa de forma activa en la din\u00e1mica de la asociaci\u00f3n lo realiza Asnia.Huelva en colaboraci\u00f3n con nuestra contraparte, aunque hay que aclarar que los costes \u00edntegros de todo el tr\u00e1mite burocr\u00e1tico en Bielorrusia m\u00e1s los necesarios en Espa\u00f1a incluido vuelos, es a cargo de la familia espa\u00f1ola.<\/p>\n<p style=\"text-align: justify;\">Una vez que cumplen la mayor\u00eda de edad el proceso ya es de forma individual que lo realiza la familia espa\u00f1ola siempre de com\u00fan acuerdo con las autoridades bielorrusas.<\/p>\n<p style=\"text-align: justify;\">No es posible, sin embargo, su adopci\u00f3n porque actualmente las autoridades Bielorrusas y Espa\u00f1olas proh\u00edben expresamente la adopci\u00f3n dentro de nuestros programas.<\/p>\n","protected":false},"excerpt":{"rendered":"<p>S\u00ed que es posible que el menor pueda venir a estudiar durante el curso, siempre que lo autorice la persona que tenga la tutela en Bielorrusia,las autoridades Bielorrusas y Espa\u00f1olas, Desde diciembre de 2013, y por acuerdo de la Asamblea General, la ONG gestiona tambi\u00e9n este tipo de acogimientos. En la actualidad Asnia.Huelva tiene a &hellip; <\/p>\n<p><a class=\"more-link btn\" href=\"https:\/\/www.asnia.es\/?page_id=5425\">Seguir leyendo<\/a><\/p>\n","protected":false},"author":1,"featured_media":0,"parent":0,"menu_order":0,"comment_status":"closed","ping_status":"closed","template":"","meta":{"ngg_post_thumbnail":0,"footnotes":""},"class_list":["post-5425","page","type-page","status-publish","hentry","nodate","item-wrap"],"_links":{"self":[{"href":"https:\/\/www.asnia.es\/index.php?rest_route=\/wp\/v2\/pages\/5425","targetHints":{"allow":["GET"]}}],"collection":[{"href":"https:\/\/www.asnia.es\/index.php?rest_route=\/wp\/v2\/pages"}],"about":[{"href":"https:\/\/www.asnia.es\/index.php?rest_route=\/wp\/v2\/types\/page"}],"author":[{"embeddable":true,"href":"https:\/\/www.asnia.es\/index.php?rest_route=\/wp\/v2\/users\/1"}],"replies":[{"embeddable":true,"href":"https:\/\/www.asnia.es\/index.php?rest_route=%2Fwp%2Fv2%2Fcomments&post=5425"}],"version-history":[{"count":1,"href":"https:\/\/www.asnia.es\/index.php?rest_route=\/wp\/v2\/pages\/5425\/revisions"}],"predecessor-version":[{"id":5426,"href":"https:\/\/www.asnia.es\/index.php?rest_route=\/wp\/v2\/pages\/5425\/revisions\/5426"}],"wp:attachment":[{"href":"https:\/\/www.asnia.es\/index.php?rest_route=%2Fwp%2Fv2%2Fmedia&parent=5425"}],"curies":[{"name":"wp","href":"https:\/\/api.w.org\/{rel}","templated":true}]}}