{"id":4727,"date":"2016-01-10T14:16:29","date_gmt":"2016-01-10T12:16:29","guid":{"rendered":"http:\/\/www.asnia.es\/?page_id=4727"},"modified":"2016-05-22T15:37:58","modified_gmt":"2016-05-22T13:37:58","slug":"conocenos","status":"publish","type":"page","link":"https:\/\/www.asnia.es\/?page_id=4727","title":{"rendered":"Conocenos"},"content":{"rendered":"<p style=\"text-align: justify;\"><a href=\"http:\/\/www.asnia.es\/wp-content\/uploads\/2016\/01\/conocenos.jpg\"><img loading=\"lazy\" decoding=\"async\" class=\"aligncenter size-full wp-image-4976\" src=\"http:\/\/www.asnia.es\/wp-content\/uploads\/2016\/01\/conocenos.jpg\" alt=\"conocenos\" width=\"960\" height=\"450\" srcset=\"https:\/\/www.asnia.es\/wp-content\/uploads\/2016\/01\/conocenos.jpg 960w, https:\/\/www.asnia.es\/wp-content\/uploads\/2016\/01\/conocenos-300x141.jpg 300w, https:\/\/www.asnia.es\/wp-content\/uploads\/2016\/01\/conocenos-768x360.jpg 768w\" sizes=\"auto, (max-width: 960px) 100vw, 960px\" \/><\/a><\/p>\n<p style=\"text-align: justify;\">LA ASOCIACION\u00a0 NI\u00d1OS DE ACOGIDA EN HUELVA,\u00a0 \u201cASNIA\u201d\u00a0 se forma con el objetivo de contribuir a paliar las desastrosas consecuencias producidas por la radioactividad sobre la poblaci\u00f3n Bielorrusa y en particular sobre los ni\u00f1os que padecen las consecuencias\u00a0 del accidente de la Central\u00a0 Nuclear de Chern\u00f3bil en la rep\u00fablica de Ucrania en abril de 1986.<\/p>\n<p style=\"text-align: justify;\">Nuestra misi\u00f3n en esta Cooperacion Internacional es gestionar y organizar la estancia temporal en familias andaluzas durante periodo estival,\u00a0 benefici\u00e1ndose as\u00ed, al permanecer aproximadamente 45-50 d\u00edas en nuestro pa\u00eds, de una alimentaci\u00f3n sana, sin contaminar y de un clima propicio para su saneamiento.<\/p>\n<p style=\"text-align: justify;\">Al amparo de la Ley Org\u00e1nica 1\/2002 de 22 de Marzo, reguladora del Derecho de Asociaci\u00f3n, se constituye con car\u00e1cter indefinido ASNIA, con n\u00ba de C.I.F. G21464698, e inscrita en el Registro Nacional de Asociaciones\u00a0 Grupo 1 Secci\u00f3n 1 N\u00ba 600922, de Asociaciones de Andaluc\u00eda con el n\u00ba 3255 Secci\u00f3n 1, y en el Registro de Entidades, Servicios y Centros Sociales AS\/E\/6601.<\/p>\n<p style=\"text-align: justify;\">La Asociaci\u00f3n no tiene \u00e1nimo de lucro y sus fines ser\u00e1n los siguientes:<\/p>\n<p style=\"text-align: justify;\">&#8211; Ayudar al Saneamiento de los ni\u00f1os afectados por la radiaci\u00f3n tras la explosi\u00f3n del reactor de la Central Nuclear de Chern\u00f3bil (Ucrania)<\/p>\n<p style=\"text-align: justify;\">&#8211; Llevar a cabo actividades que potencien el asociacionismo, la devoci\u00f3n cristiana y la defensa del medio ambiente.<\/p>\n<p style=\"text-align: justify;\">&#8211; Cuantas acciones y apoyo a los desprotegidos sean posibles dentro de sus actuaciones sociales.<\/p>\n<p style=\"text-align: justify;\">Para el cumplimiento de los fines establecidos, la Asociaci\u00f3n organizar\u00e1 las siguientes actividades:<\/p>\n<p style=\"text-align: justify;\">&#8211; Acogida en Huelva y Provincia de los ni\u00f1os bielorrusos o de cualquier otro pa\u00eds afectado, para ayudar al programa de saneamiento de los mismos.<\/p>\n<p style=\"text-align: justify;\">\u2013 Organizar actividades culturales y el contacto con la naturaleza.<\/p>\n<p style=\"text-align: justify;\">&#8211; Todas aquellas, cualesquiera sean, dentro de la legalidad vigente y que ayuden al mejor cumplimiento de sus fines.<\/p>\n<p style=\"text-align: justify;\">Para hacer esto posible, se realiza cada a\u00f1o un programa de estancia temporal durante los meses de verano (normalmente)\u00a0 donde se reflejan los objetivos y actividades a realizar durante dicho periodo.<\/p>\n<p style=\"text-align: justify;\">\u00a0\u00a0\u00a0\u00a0\u00a0\u00a0\u00a0\u00a0\u00a0\u00a0\u00a0\u00a0\u00a0\u00a0\u00a0 La expedici\u00f3n est\u00e1 compuesta, en su mayor\u00eda, por menores desfavorecidos, siendo una gran parte de ellos repetidores de otros a\u00f1os que vuelven con sus familias espa\u00f1olas, al ser reclamados por \u00e9stas.<\/p>\n<p style=\"text-align: justify;\">\u00a0\u00a0\u00a0\u00a0\u00a0\u00a0\u00a0\u00a0\u00a0\u00a0\u00a0\u00a0\u00a0\u00a0\u00a0 La selecci\u00f3n de los menores que van a formar parte de la expedici\u00f3n por primera vez, la realiza un equipo t\u00e9cnico de la Asociaci\u00f3n que viaja a Bielorrusia todos los a\u00f1os, donde conoce y vive, visit\u00e1ndoles en sus domicilios, la realidad de las familias preseleccionadas por las asociaciones y organismos oficiales bielorrusos que colaboran con ASNIA.<\/p>\n<p style=\"text-align: justify;\">\u00a0\u00a0\u00a0\u00a0\u00a0\u00a0\u00a0\u00a0\u00a0\u00a0\u00a0\u00a0\u00a0\u00a0\u00a0 Los menores que participen en los programas de estancia temporal, deben tener entre 8 y 17 a\u00f1os, viajar con el consentimiento de sus padres o tutores legales y siempre que su estado de salud lo permita.<\/p>\n<p style=\"text-align: justify;\">\u00a0\u00a0\u00a0\u00a0\u00a0\u00a0\u00a0\u00a0\u00a0\u00a0\u00a0\u00a0\u00a0\u00a0\u00a0 Se les deber\u00e1 proporcionar una estancia lo m\u00e1s normalizada posible, compartiendo un entorno familiar. Deben de mantener contacto con otros ni\u00f1os de su grupo y han de poder acceder, caso de necesitarlo, a un monitor biling\u00fce.<\/p>\n<p style=\"text-align: justify;\">\u00a0\u00a0\u00a0\u00a0\u00a0\u00a0\u00a0\u00a0\u00a0\u00a0\u00a0\u00a0\u00a0\u00a0\u00a0 Con estas estancias temporales se trata de reducir el nivel de radion\u00faclidos en el organismo, disminuir el estr\u00e9s psicol\u00f3gico y detectar y tratar cualquier patolog\u00eda o carencia nutricional.<\/p>\n<p style=\"text-align: justify;\">\u00a0\u00a0\u00a0\u00a0\u00a0\u00a0\u00a0\u00a0\u00a0\u00a0\u00a0\u00a0\u00a0\u00a0\u00a0 La Asociaci\u00f3n ASNIA programa una serie de actividades para el periodo de la estancia, no siendo obligatoria la asistencia de los menores y voluntaria la de las familias<\/p>\n<p style=\"text-align: justify;\">\u00a0\u00a0\u00a0\u00a0\u00a0\u00a0\u00a0\u00a0\u00a0\u00a0\u00a0\u00a0\u00a0\u00a0\u00a0 Durante el viaje, los menores son acompa\u00f1ados, en todo momento, por un equipo de monitores bielorrusos biling\u00fces, permaneciendo en nuestro pa\u00eds durante todo el periodo de la estancia temporal para solucionar cualquier problema de adaptaci\u00f3n o de idioma que pudiera surgir, bien por parte del menor o por partes de la familia espa\u00f1ola.<\/p>\n<p style=\"text-align: justify;\">\u00a0\u00a0\u00a0\u00a0\u00a0\u00a0\u00a0\u00a0\u00a0\u00a0\u00a0\u00a0\u00a0\u00a0\u00a0 El importe derivado del viaje de los menores a nuestro pa\u00eds (transporte, seguros, asistencia durante el viaje, tramitaci\u00f3n de documentos, etc.\u2026) lo aporta en su totalidad la Asociaci\u00f3n ASNIA, quien a su vez, lo obtiene de subvenciones de organismos y entidades p\u00fablicos y\/o privados, de las cuotas de los socios y de las distintas actividades que la Asociaci\u00f3n realiza a lo largo del a\u00f1o para este fin.<\/p>\n<p style=\"text-align: justify;\">\u00a0\u00a0\u00a0\u00a0\u00a0\u00a0\u00a0\u00a0\u00a0\u00a0\u00a0\u00a0\u00a0\u00a0\u00a0 El pilar fundamental de la Asociaci\u00f3n ASNIA son los socios, familias andaluzas que, sensibilizadas por la situaci\u00f3n de estos menores y el entorno familiar, colaboran, de una forma o de otra, a la consecuci\u00f3n de estos fines, pudiendo ser socio colaborador o socio acogedor, siendo este \u00faltimo requisito indispensable para la estancia temporal de un menos bielorruso en el domicilio familiar.<\/p>\n<p style=\"text-align: justify;\">DAR\u00a0 VIDA. As\u00ed de sencillo. Lo \u00fanico que hacemos con el Programa de saneamiento mediante la acogida temporal de los ni\u00f1os, es devolverles la vida que la irracionalidad humana quiere quitarles. Todo su entorno est\u00e1 contaminado: lo que comen, lo que beben, lo que respiran. Todo les est\u00e1 matando poco a poco. Pero como una madre nos dijo en una ocasi\u00f3n en una de sus cartas: \u201csabemos que lo que comemos nos est\u00e1 matando, pero la radioactividad no duele y el hambre si lo hace\u201d.<\/p>\n","protected":false},"excerpt":{"rendered":"<p>LA ASOCIACION\u00a0 NI\u00d1OS DE ACOGIDA EN HUELVA,\u00a0 \u201cASNIA\u201d\u00a0 se forma con el objetivo de contribuir a paliar las desastrosas consecuencias producidas por la radioactividad sobre la poblaci\u00f3n Bielorrusa y en particular sobre los ni\u00f1os que padecen las consecuencias\u00a0 del accidente de la Central\u00a0 Nuclear de Chern\u00f3bil en la rep\u00fablica de Ucrania en abril de 1986. &hellip; <\/p>\n<p><a class=\"more-link btn\" href=\"https:\/\/www.asnia.es\/?page_id=4727\">Seguir leyendo<\/a><\/p>\n","protected":false},"author":1,"featured_media":0,"parent":0,"menu_order":0,"comment_status":"closed","ping_status":"closed","template":"","meta":{"ngg_post_thumbnail":0,"footnotes":""},"class_list":["post-4727","page","type-page","status-publish","hentry","nodate","item-wrap"],"_links":{"self":[{"href":"https:\/\/www.asnia.es\/index.php?rest_route=\/wp\/v2\/pages\/4727","targetHints":{"allow":["GET"]}}],"collection":[{"href":"https:\/\/www.asnia.es\/index.php?rest_route=\/wp\/v2\/pages"}],"about":[{"href":"https:\/\/www.asnia.es\/index.php?rest_route=\/wp\/v2\/types\/page"}],"author":[{"embeddable":true,"href":"https:\/\/www.asnia.es\/index.php?rest_route=\/wp\/v2\/users\/1"}],"replies":[{"embeddable":true,"href":"https:\/\/www.asnia.es\/index.php?rest_route=%2Fwp%2Fv2%2Fcomments&post=4727"}],"version-history":[{"count":5,"href":"https:\/\/www.asnia.es\/index.php?rest_route=\/wp\/v2\/pages\/4727\/revisions"}],"predecessor-version":[{"id":4977,"href":"https:\/\/www.asnia.es\/index.php?rest_route=\/wp\/v2\/pages\/4727\/revisions\/4977"}],"wp:attachment":[{"href":"https:\/\/www.asnia.es\/index.php?rest_route=%2Fwp%2Fv2%2Fmedia&parent=4727"}],"curies":[{"name":"wp","href":"https:\/\/api.w.org\/{rel}","templated":true}]}}