{"id":4723,"date":"2016-01-10T14:09:23","date_gmt":"2016-01-10T12:09:23","guid":{"rendered":"http:\/\/www.asnia.es\/?page_id=4723"},"modified":"2016-05-22T14:33:08","modified_gmt":"2016-05-22T12:33:08","slug":"colaborar","status":"publish","type":"page","link":"https:\/\/www.asnia.es\/?page_id=4723","title":{"rendered":"Colaborar"},"content":{"rendered":"<p style=\"text-align: justify;\"><a href=\"http:\/\/www.asnia.es\/wp-content\/uploads\/2016\/01\/QUIERO-SER-SOLIDARIO.jpg\"><img loading=\"lazy\" decoding=\"async\" class=\"aligncenter size-full wp-image-4961\" src=\"http:\/\/www.asnia.es\/wp-content\/uploads\/2016\/01\/QUIERO-SER-SOLIDARIO.jpg\" alt=\"QUIERO SER SOLIDARIO\" width=\"581\" height=\"720\" srcset=\"https:\/\/www.asnia.es\/wp-content\/uploads\/2016\/01\/QUIERO-SER-SOLIDARIO.jpg 581w, https:\/\/www.asnia.es\/wp-content\/uploads\/2016\/01\/QUIERO-SER-SOLIDARIO-242x300.jpg 242w\" sizes=\"auto, (max-width: 581px) 100vw, 581px\" \/><\/a><\/p>\n<p style=\"text-align: justify;\"><strong>QUIERES COLABORAR?<\/strong><\/p>\n<p style=\"text-align: justify;\">Si quieres apoyar nuestro programa toma parte en ASNIA,<a href=\"http:\/\/www.asnia.es\/?page_id=272\"> <strong><span style=\"color: #3366ff;\">HAZTE SOCIO<\/span><\/strong><\/a><\/p>\n<p style=\"text-align: justify;\">Si tienes formaci\u00f3n en psicolog\u00eda, logopedia, inform\u00e1tica, educador,&#8230; o simplemente tienes ganas de ayudar con tu tiempo y dedicaci\u00f3n hazte colaborador-colaboradora. No es imprescindible que acojas. Hay mucho trabajo que hacer para que antes de la llegada y durante la estancia de los ni\u00f1os todo vaya bien: Documentaci\u00f3n, organizaci\u00f3n de actividades para los chavales, b\u00fasqueda de ayudas, ropa&#8230;.<\/p>\n<p style=\"text-align: justify;\">Puedes hacerte socio GUARDADOR, NUMERARIO o COLABORADOR.<\/p>\n<p style=\"text-align: justify;\">Las aportaciones mensuales o anuales van en funci\u00f3n de que seas familia guardadora o no.<\/p>\n<p style=\"text-align: justify;\">SOCIO NUMERARIO: 10,00 \u20ac (m\u00ednimo mensual)<\/p>\n<p style=\"text-align: justify;\">SOCIO GUARDADOR: 20,00 \u20ac mensual<\/p>\n<p style=\"text-align: justify;\">SOCIO COLABORADOR: 10,00 \u20ac (m\u00ednimo mensual)<\/p>\n<p style=\"text-align: justify;\">Tenemos tambi\u00e9n abierta la posibilidad de ejercer <span style=\"color: #3366ff;\"><strong><a style=\"color: #3366ff;\" href=\"http:\/\/www.asnia.es\/?page_id=4742\">VOLUNTARIADO<\/a><\/strong> <\/span>en cualquiera de nuestras areas, yrecibir donaciones o cantidades peri\u00f3dicas para lo cual solo tienen que identificarse y hacerlo a trav\u00e9s de nuestro apartado\u00a0<span style=\"color: #3366ff;\"><strong>DONAR<\/strong><\/span><\/p>\n<p style=\"text-align: justify;\"><!-- Begin PayPal Donations by https:\/\/www.tipsandtricks-hq.com\/paypal-donations-widgets-plugin -->\n\n<form action=\"https:\/\/www.paypal.com\/cgi-bin\/webscr\" method=\"post\">\n    <div class=\"paypal-donations\">\n        <input type=\"hidden\" name=\"cmd\" value=\"_donations\" \/>\n        <input type=\"hidden\" name=\"bn\" value=\"TipsandTricks_SP\" \/>\n        <input type=\"hidden\" name=\"business\" value=\"8KPV64BGP49U6\" \/>\n        <input type=\"hidden\" name=\"page_style\" value=\"ASNIA\" \/>\n        <input type=\"hidden\" name=\"item_name\" value=\"Colaboraci\u00f3n puntual con ASNIA\" \/>\n        <input type=\"hidden\" name=\"item_number\" value=\"www.asnia.es\" \/>\n        <input type=\"hidden\" name=\"rm\" value=\"0\" \/>\n        <input type=\"hidden\" name=\"currency_code\" value=\"EUR\" \/>\n        <input type=\"image\" style=\"cursor: pointer;\" src=\"https:\/\/www.paypalobjects.com\/es_ES\/ES\/i\/btn\/btn_donateCC_LG.gif\" name=\"submit\" alt=\"PayPal - The safer, easier way to pay online.\" \/>\n        <img loading=\"lazy\" decoding=\"async\" alt=\"\" src=\"https:\/\/www.paypalobjects.com\/en_US\/i\/scr\/pixel.gif\" width=\"1\" height=\"1\" \/>\n    <\/div>\n<\/form>\n<!-- End PayPal Donations -->\n<\/p>\n","protected":false},"excerpt":{"rendered":"<p>QUIERES COLABORAR? Si quieres apoyar nuestro programa toma parte en ASNIA, HAZTE SOCIO Si tienes formaci\u00f3n en psicolog\u00eda, logopedia, inform\u00e1tica, educador,&#8230; o simplemente tienes ganas de ayudar con tu tiempo y dedicaci\u00f3n hazte colaborador-colaboradora. No es imprescindible que acojas. Hay mucho trabajo que hacer para que antes de la llegada y durante la estancia de &hellip; <\/p>\n<p><a class=\"more-link btn\" href=\"https:\/\/www.asnia.es\/?page_id=4723\">Seguir leyendo<\/a><\/p>\n","protected":false},"author":1,"featured_media":0,"parent":0,"menu_order":0,"comment_status":"closed","ping_status":"closed","template":"","meta":{"ngg_post_thumbnail":0,"footnotes":""},"class_list":["post-4723","page","type-page","status-publish","hentry","nodate","item-wrap"],"_links":{"self":[{"href":"https:\/\/www.asnia.es\/index.php?rest_route=\/wp\/v2\/pages\/4723","targetHints":{"allow":["GET"]}}],"collection":[{"href":"https:\/\/www.asnia.es\/index.php?rest_route=\/wp\/v2\/pages"}],"about":[{"href":"https:\/\/www.asnia.es\/index.php?rest_route=\/wp\/v2\/types\/page"}],"author":[{"embeddable":true,"href":"https:\/\/www.asnia.es\/index.php?rest_route=\/wp\/v2\/users\/1"}],"replies":[{"embeddable":true,"href":"https:\/\/www.asnia.es\/index.php?rest_route=%2Fwp%2Fv2%2Fcomments&post=4723"}],"version-history":[{"count":10,"href":"https:\/\/www.asnia.es\/index.php?rest_route=\/wp\/v2\/pages\/4723\/revisions"}],"predecessor-version":[{"id":4962,"href":"https:\/\/www.asnia.es\/index.php?rest_route=\/wp\/v2\/pages\/4723\/revisions\/4962"}],"wp:attachment":[{"href":"https:\/\/www.asnia.es\/index.php?rest_route=%2Fwp%2Fv2%2Fmedia&parent=4723"}],"curies":[{"name":"wp","href":"https:\/\/api.w.org\/{rel}","templated":true}]}}