{"id":272,"date":"2009-11-11T23:01:29","date_gmt":"2009-11-11T21:01:29","guid":{"rendered":"http:\/\/www.asnia.es\/?page_id=272"},"modified":"2016-05-22T14:42:46","modified_gmt":"2016-05-22T12:42:46","slug":"hazte-socio","status":"publish","type":"page","link":"https:\/\/www.asnia.es\/?page_id=272","title":{"rendered":"Hazte socio"},"content":{"rendered":"<p style=\"text-align: justify;\">Para poder llevar adelante nuestra importante labor humanitaria con los ni\u00f1os de Chern\u00f3byl, la Asociaci\u00f3n ASNIA hace un llamamiento a todas aquellas personas y entidades, tanto p\u00fablicas como privadas que est\u00e9n interesados\u00a0 en nuestros proyectos solidarios y deseen participar en los mismos.<\/p>\n<p style=\"text-align: justify;\"><strong>\u00bfC\u00f3mo puedes colaborar?<\/strong><\/p>\n<p style=\"text-align: justify;\">Existen varias f\u00f3rmulas de colaboraci\u00f3n para que puedas elegir la que m\u00e1s se adapte a tus deseos y circunstancias:<\/p>\n<p style=\"text-align: justify;\">1.- \u00abFamilia Guardadora\u00bb.- Si es tu deseo y re\u00fanes las circunstancias apropiadas, puedes participar en el Programa de Saneamiento para Ni\u00f1os Bielorrusos mediante estancia temporal, acogiendo en tu familia a uno de estos ni\u00f1os durante unos 45 dias en epoca estival. Implica entrar a formar parte de la Asociaci\u00f3n ASNIA como socio numerario.<\/p>\n<p style=\"text-align: justify;\">2.- \u00abSocio Colaborador\u00bb.- Si est\u00e1s interesado en ayudar a estos colectivos infantiles desfavorecidos pero no puedes acoger, puedes participar y formar parte de la asociaci\u00f3n como Socio Colaborador. Para ello solo tienes que comprometerte a aportar a la misma alguna cantidad de dinero de manera peri\u00f3dica, en la cuant\u00eda y con la periodicidad que t\u00fa decidas.<\/p>\n<p style=\"text-align: justify;\">3.- \u00abAportaci\u00f3n puntual\u00bb.- Si es tu deseo colaborar en alg\u00fan proyecto concreto de la Asociaci\u00f3n pero no quieres comprometerte con aportaciones peri\u00f3dicas, puedes realizar donaciones aisladas, ingresando la cantidad de dinero que consideres conveniente en alguna de las cuentas de la Asociaci\u00f3n ASNIA, que te facilitamos cuando recibamos su solicitud de colaboracion, o directamente a traves de este website DONAR boton al final de la pagina.<\/p>\n<p style=\"text-align: justify;\">Cualquier aportaci\u00f3n dineraria a nuestra Asociaci\u00f3n es desgravable en el Impuesto sobre la Renta de las Personas F\u00edsicas. ASNIA extender\u00e1 un Certificado acreditativo de las cantidades aportadas en cada ejercicio fiscal.<\/p>\n<p style=\"text-align: justify;\">Si decides sumarte a nuestra iniciativa en cualquiera de estas modalidades de colaboraci\u00f3n u otras que se te ocurran, no dudes en contactar con nosotros. Puedes hacerlo por la v\u00eda que t\u00fa desees:<\/p>\n<p style=\"text-align: justify;\"><strong>Correo Postal:<\/strong><\/p>\n<p style=\"text-align: justify;\">ASNIA, ASOCIACION NI\u00d1OS DE ACOGIDA EN HUELVA<br \/>\nPlaza Fray Genaro Prieto n\u00ba 1-3\u00ba B<\/p>\n<p style=\"text-align: justify;\">21004 HUELVA<\/p>\n<p style=\"text-align: justify;\"><strong>Tel\u00e9fono<\/strong>: 645.43.66.10 (Nieves Sanchez &#8211; Sectetaria)<\/p>\n<p style=\"text-align: justify;\"><strong>Correo electr\u00f3nico<\/strong>:<br \/>\n<a href=\"mailto:\/\/asnia.huelva@gmail.com\">asnia.huelva@<\/a>gmail.com\u00a0bien desde la propia Web, cumplimentando el formulario que te presentamos a continuaci\u00f3n.<\/p>\n<p style=\"text-align: justify;\"><a href=\"http:\/\/www.asnia.es\/wp-content\/uploads\/2009\/11\/hazte-socio.jpg\"><img loading=\"lazy\" decoding=\"async\" class=\"aligncenter size-full wp-image-4963\" src=\"http:\/\/www.asnia.es\/wp-content\/uploads\/2009\/11\/hazte-socio.jpg\" alt=\"hazte-socio\" width=\"300\" height=\"150\" \/><\/a><\/p>\n<p style=\"text-align: justify;\">\n<div class=\"wpcf7 no-js\" id=\"wpcf7-f4778-o1\" lang=\"es-ES\" dir=\"ltr\" data-wpcf7-id=\"4778\">\n<div class=\"screen-reader-response\"><p role=\"status\" aria-live=\"polite\" aria-atomic=\"true\"><\/p> <ul><\/ul><\/div>\n<form action=\"\/index.php?rest_route=%2Fwp%2Fv2%2Fpages%2F272#wpcf7-f4778-o1\" method=\"post\" class=\"wpcf7-form init\" aria-label=\"Formulario de contacto\" novalidate=\"novalidate\" data-status=\"init\">\n<fieldset class=\"hidden-fields-container\"><input type=\"hidden\" name=\"_wpcf7\" value=\"4778\" \/><input type=\"hidden\" name=\"_wpcf7_version\" value=\"6.1.5\" \/><input type=\"hidden\" name=\"_wpcf7_locale\" value=\"es_ES\" \/><input type=\"hidden\" name=\"_wpcf7_unit_tag\" value=\"wpcf7-f4778-o1\" \/><input type=\"hidden\" name=\"_wpcf7_container_post\" value=\"0\" \/><input type=\"hidden\" name=\"_wpcf7_posted_data_hash\" value=\"\" \/>\n<\/fieldset>\n<p>Se inscribe como SOCIOS en la asociaci\u00f3n ASNIA.HUELVA con una aportaci\u00f3n m\u00ednima mensual de 30,00 \u20ac (en caso de no acoger m\u00ednima 10,00 \u20ac mensual)\n<\/p>\n<p>DATOS PERSONALES\n<\/p>\n<p>PRIMER TITULAR\n<\/p>\n<p><span class=\"wpcf7-form-control-wrap\" data-name=\"your-name\"><input size=\"40\" maxlength=\"400\" class=\"wpcf7-form-control wpcf7-text wpcf7-validates-as-required\" aria-required=\"true\" aria-invalid=\"false\" value=\"\" type=\"text\" name=\"your-name\" \/><\/span>\n<\/p>\n<p>D.N.I.\/C.I.F.\n<\/p>\n<p><span class=\"wpcf7-form-control-wrap\" data-name=\"your-subject\"><textarea cols=\"8\" rows=\"3\" maxlength=\"2000\" class=\"wpcf7-form-control wpcf7-textarea\" aria-invalid=\"false\" name=\"your-subject\"><\/textarea><\/span>\n<\/p>\n<p>FECHA NACIMIENTO\n<\/p>\n<p><span class=\"wpcf7-form-control-wrap\" data-name=\"your-name\"><input size=\"40\" maxlength=\"400\" class=\"wpcf7-form-control wpcf7-text wpcf7-validates-as-required\" aria-required=\"true\" aria-invalid=\"false\" value=\"\" type=\"text\" name=\"your-name\" \/><\/span>\n<\/p>\n<p>PROFESION\n<\/p>\n<p><span class=\"wpcf7-form-control-wrap\" data-name=\"your-name\"><input size=\"40\" maxlength=\"400\" class=\"wpcf7-form-control wpcf7-text\" aria-invalid=\"false\" value=\"\" type=\"text\" name=\"your-name\" \/><\/span>\n<\/p>\n<p>DIRECCI\u00d3N\n<\/p>\n<p><span class=\"wpcf7-form-control-wrap\" data-name=\"Direccion\"><input size=\"40\" maxlength=\"400\" class=\"wpcf7-form-control wpcf7-text wpcf7-validates-as-required\" aria-required=\"true\" aria-invalid=\"false\" value=\"\" type=\"text\" name=\"Direccion\" \/><\/span>\n<\/p>\n<p>CODIGO POSTAL\n<\/p>\n<p><span class=\"wpcf7-form-control-wrap\" data-name=\"your-subject\"><textarea cols=\"8\" rows=\"3\" maxlength=\"2000\" class=\"wpcf7-form-control wpcf7-textarea\" aria-invalid=\"false\" name=\"your-subject\"><\/textarea><\/span>\n<\/p>\n<p>MUNICIPIO\n<\/p>\n<p><span class=\"wpcf7-form-control-wrap\" data-name=\"Municipio\"><input size=\"40\" maxlength=\"400\" class=\"wpcf7-form-control wpcf7-text wpcf7-validates-as-required\" aria-required=\"true\" aria-invalid=\"false\" value=\"\" type=\"text\" name=\"Municipio\" \/><\/span>\n<\/p>\n<p>PROVINCIA\n<\/p>\n<p><span class=\"wpcf7-form-control-wrap\" data-name=\"Provincia\"><input size=\"40\" maxlength=\"400\" class=\"wpcf7-form-control wpcf7-text wpcf7-validates-as-required\" aria-required=\"true\" aria-invalid=\"false\" value=\"\" type=\"text\" name=\"Provincia\" \/><\/span>\n<\/p>\n<p>TELEFONO FIJO <span class=\"wpcf7-form-control-wrap\" data-name=\"your-subject\"><textarea cols=\"15\" rows=\"3\" maxlength=\"2000\" class=\"wpcf7-form-control wpcf7-textarea\" aria-invalid=\"false\" name=\"your-subject\"><\/textarea><\/span><br \/>\nM\u00d3VIL <span class=\"wpcf7-form-control-wrap\" data-name=\"your-subject\"><textarea cols=\"15\" rows=\"3\" maxlength=\"2000\" class=\"wpcf7-form-control wpcf7-textarea\" aria-invalid=\"false\" name=\"your-subject\"><\/textarea><\/span>\n<\/p>\n<p>CORREO ELECTR\u00d3NICO\n<\/p>\n<p><span class=\"wpcf7-form-control-wrap\" data-name=\"your-email\"><input size=\"40\" maxlength=\"400\" class=\"wpcf7-form-control wpcf7-email wpcf7-validates-as-required wpcf7-text wpcf7-validates-as-email\" aria-required=\"true\" aria-invalid=\"false\" value=\"\" type=\"email\" name=\"your-email\" \/><\/span>\n<\/p>\n<p>SOCIO N\u00ba (a cumplimentar por la Asociaci\u00f3n )\n<\/p>\n<p><span class=\"wpcf7-form-control-wrap\" data-name=\"your-subject\"><textarea cols=\"8\" rows=\"3\" maxlength=\"2000\" class=\"wpcf7-form-control wpcf7-textarea\" aria-invalid=\"false\" name=\"your-subject\"><\/textarea><\/span>\n<\/p>\n<p>Cuota\/Aportaci\u00f3n\n<\/p>\n<p><span class=\"wpcf7-form-control-wrap\" data-name=\"your-subject\"><textarea cols=\"8\" rows=\"3\" maxlength=\"2000\" class=\"wpcf7-form-control wpcf7-textarea\" aria-invalid=\"false\" name=\"your-subject\"><\/textarea><\/span>\n<\/p>\n<p>Mensual\n<\/p>\n<p><span class=\"wpcf7-form-control-wrap\" data-name=\"your-subject\"><textarea cols=\"8\" rows=\"3\" maxlength=\"2000\" class=\"wpcf7-form-control wpcf7-textarea\" aria-invalid=\"false\" name=\"your-subject\"><\/textarea><\/span>\n<\/p>\n<p>Anual\n<\/p>\n<p><span class=\"wpcf7-form-control-wrap\" data-name=\"your-subject\"><textarea cols=\"8\" rows=\"3\" maxlength=\"2000\" class=\"wpcf7-form-control wpcf7-textarea\" aria-invalid=\"false\" name=\"your-subject\"><\/textarea><\/span>\n<\/p>\n<p>Mensaje\n<\/p>\n<p><span class=\"wpcf7-form-control-wrap\" data-name=\"your-message\"><textarea cols=\"40\" rows=\"10\" maxlength=\"140\" minlength=\"50\" class=\"wpcf7-form-control wpcf7-textarea\" aria-invalid=\"false\" name=\"your-message\"><\/textarea><\/span>\n<\/p>\n<p><input class=\"wpcf7-form-control wpcf7-submit has-spinner\" type=\"submit\" value=\"Enviar\" \/>\n<\/p><p style=\"display: none !important;\" class=\"akismet-fields-container\" data-prefix=\"_wpcf7_ak_\"><label>&#916;<textarea name=\"_wpcf7_ak_hp_textarea\" cols=\"45\" rows=\"8\" maxlength=\"100\"><\/textarea><\/label><input type=\"hidden\" id=\"ak_js_1\" name=\"_wpcf7_ak_js\" value=\"223\"\/><script type=\"text\/javascript\">\n\/* <![CDATA[ *\/\ndocument.getElementById( \"ak_js_1\" ).setAttribute( \"value\", ( new Date() ).getTime() );\n\/* ]]> *\/\n<\/script>\n<\/p><div class=\"wpcf7-response-output\" aria-hidden=\"true\"><\/div>\n<\/form>\n<\/div>\n<\/p>\n<p style=\"text-align: justify;\">Una vez nos llegue tu formulario, estaremos encantados de atenderte.<\/p>\n<p style=\"text-align: justify;\">\u00a1GRACIAS POR DARLES VIDA!<\/p>\n<p style=\"text-align: justify;\"><!-- Begin PayPal Donations by https:\/\/www.tipsandtricks-hq.com\/paypal-donations-widgets-plugin -->\n\n<form action=\"https:\/\/www.paypal.com\/cgi-bin\/webscr\" method=\"post\">\n    <div class=\"paypal-donations\">\n        <input type=\"hidden\" name=\"cmd\" value=\"_donations\" \/>\n        <input type=\"hidden\" name=\"bn\" value=\"TipsandTricks_SP\" \/>\n        <input type=\"hidden\" name=\"business\" value=\"8KPV64BGP49U6\" \/>\n        <input type=\"hidden\" name=\"page_style\" value=\"ASNIA\" \/>\n        <input type=\"hidden\" name=\"item_name\" value=\"Colaboraci\u00f3n puntual con ASNIA\" \/>\n        <input type=\"hidden\" name=\"item_number\" value=\"www.asnia.es\" \/>\n        <input type=\"hidden\" name=\"rm\" value=\"0\" \/>\n        <input type=\"hidden\" name=\"currency_code\" value=\"EUR\" \/>\n        <input type=\"image\" style=\"cursor: pointer;\" src=\"https:\/\/www.paypalobjects.com\/es_ES\/ES\/i\/btn\/btn_donateCC_LG.gif\" name=\"submit\" alt=\"PayPal - The safer, easier way to pay online.\" \/>\n        <img loading=\"lazy\" decoding=\"async\" alt=\"\" src=\"https:\/\/www.paypalobjects.com\/en_US\/i\/scr\/pixel.gif\" width=\"1\" height=\"1\" \/>\n    <\/div>\n<\/form>\n<!-- End PayPal Donations -->\n<\/p>\n<p><!--cforms name=\"Nuevo socio\"--><\/p>\n","protected":false},"excerpt":{"rendered":"<p>Para poder llevar adelante nuestra importante labor humanitaria con los ni\u00f1os de Chern\u00f3byl, la Asociaci\u00f3n ASNIA hace un llamamiento a todas aquellas personas y entidades, tanto p\u00fablicas como privadas que est\u00e9n interesados\u00a0 en nuestros proyectos solidarios y deseen participar en los mismos. \u00bfC\u00f3mo puedes colaborar? Existen varias f\u00f3rmulas de colaboraci\u00f3n para que puedas elegir la &hellip; <\/p>\n<p><a class=\"more-link btn\" href=\"https:\/\/www.asnia.es\/?page_id=272\">Seguir leyendo<\/a><\/p>\n","protected":false},"author":1,"featured_media":0,"parent":0,"menu_order":0,"comment_status":"open","ping_status":"open","template":"","meta":{"ngg_post_thumbnail":0,"footnotes":""},"class_list":["post-272","page","type-page","status-publish","hentry","nodate","item-wrap"],"_links":{"self":[{"href":"https:\/\/www.asnia.es\/index.php?rest_route=\/wp\/v2\/pages\/272","targetHints":{"allow":["GET"]}}],"collection":[{"href":"https:\/\/www.asnia.es\/index.php?rest_route=\/wp\/v2\/pages"}],"about":[{"href":"https:\/\/www.asnia.es\/index.php?rest_route=\/wp\/v2\/types\/page"}],"author":[{"embeddable":true,"href":"https:\/\/www.asnia.es\/index.php?rest_route=\/wp\/v2\/users\/1"}],"replies":[{"embeddable":true,"href":"https:\/\/www.asnia.es\/index.php?rest_route=%2Fwp%2Fv2%2Fcomments&post=272"}],"version-history":[{"count":25,"href":"https:\/\/www.asnia.es\/index.php?rest_route=\/wp\/v2\/pages\/272\/revisions"}],"predecessor-version":[{"id":4964,"href":"https:\/\/www.asnia.es\/index.php?rest_route=\/wp\/v2\/pages\/272\/revisions\/4964"}],"wp:attachment":[{"href":"https:\/\/www.asnia.es\/index.php?rest_route=%2Fwp%2Fv2%2Fmedia&parent=272"}],"curies":[{"name":"wp","href":"https:\/\/api.w.org\/{rel}","templated":true}]}}